{"id":3840,"date":"2017-03-11T00:06:57","date_gmt":"2017-03-11T00:06:57","guid":{"rendered":"http:\/\/www.travelwithachallenge.com\/?page_id=3840"},"modified":"2017-12-20T06:48:36","modified_gmt":"2017-12-19T22:48:36","slug":"quebec-iles-de-la-madeleine-maps","status":"publish","type":"page","link":"https:\/\/www.travelwithachallenge.com\/?page_id=3840","title":{"rendered":"Quebec Iles De La Madeleine Maps"},"content":{"rendered":"<p><img decoding=\"async\" loading=\"lazy\" class=\"aligncenter\" src=\"https:\/\/www.travelwithachallenge.com\/wp-content\/uploads\/2017\/03\/Title1-1-2.gif\" alt=\"Maps: Quebec CTMA Cruise Routes and Les \u00celes de la Madeleine.\" width=\"919\" height=\"139\" \/><img decoding=\"async\" loading=\"lazy\" class=\"aligncenter\" src=\"https:\/\/www.travelwithachallenge.com\/wp-content\/uploads\/2017\/03\/Banner4.jpg\" alt=\"Maps show cruise of St Lawrence River and Gulf and Quebec's Les \u00celes de la Madeleine, Magdalen Islands.\" width=\"780\" height=\"122\" \/><img decoding=\"async\" loading=\"lazy\" class=\"aligncenter\" src=\"https:\/\/www.travelwithachallenge.com\/wp-content\/uploads\/2017\/03\/Title-Maps.gif\" alt=\"Maps show cruise of St Lawrence River and Gulf and Quebec's Les \u00celes de la Madeleine, Magdalen Islands.\" width=\"496\" height=\"65\" \/><a name=\"Saint\"><\/a><br \/>\n<img decoding=\"async\" loading=\"lazy\" class=\"aligncenter\" src=\"https:\/\/www.travelwithachallenge.com\/wp-content\/uploads\/2017\/03\/Route-Map-for-CTMA-Vacancier-Cruise.jpg\" alt=\"Map of eastern Canada, the St Lawrence River, Gulf of St Lawrence and Les Iles de la Madeleine (Magdalen Islands).\" width=\"900\" height=\"610\" \/><\/p>\n<h5 style=\"text-align: center;\"><em>Between mid-June and mid-September each year, <a href=\"http:\/\/www.croisieresctma.ca\/en\/select\/cruise-schedule\" rel=\"noopener\">CTMA offers weekly cruises<\/a> between Montr\u00e9al, Qu\u00e9bec City, the Gasp\u00e9 Peninsula and Les \u00celes de la Madeleine. The archipelago of \u00celes de la Madeleine is far out into the Gulf of St Lawrence: 215 km from Qu\u00e9bec&#8217;s Gasp\u00e9, 105 km from Prince Edward Island and 95 km from northern Nova Scotia&#8217;s Cape Breton Island. Now you know! <\/em>Map Courtesy of Express Design<\/h5>\n<p>&nbsp;<br \/>\n<a name=\"Geology\"><\/a><br \/>\n<img decoding=\"async\" loading=\"lazy\" class=\"alignnone\" src=\"https:\/\/www.travelwithachallenge.com\/wp-content\/uploads\/2017\/03\/Header-Strange.gif\" alt=\"Geology facts of Les Iles de la Madeleine (Magdalen Islands).\" width=\"425\" height=\"43\" \/><br \/>\nSome 320 million years ago, before continental drift began to separate the land masses, Les \u00celes de la Madeleine were located close to the earth&#8217;s equator in a basin which was actually below sea level and where the average ambient temperature was 38\u00b0C (100\u00b0F). Seawater flowed often into this basin and its evaporation caused layers of salt to accumulate on its floor. Over time, this layer of accumulated salt grew to a depth of 5 kilometers. Meanwhile, the \u00celes de la Madeleine started their very long migration towards the north, eventually ending up in the Gulf of Saint Lawrence. Geological activity subsequently covered the salt with another 4 kilometers of rock and lava.<\/p>\n<p>Between 2 and 5 million years ago, the pressure of the rocky layer overlaying the salt raised its temperature to nearly 300\u00b0C (572\u00b0F). The salt, now more fluid and malleable than the rocky layer directly above, rises towards the surface. Pressure from rising salt lifts the overlaying rock, creating the famous salt domes supporting \u00celes de la Madeleine. Visible evidence of this upshift is the large active salt mine on one of the north islands.<\/p>\n<p>The rocks of the main islands are composed primarily of volcanic rock, sedimentary rock and sandstone. The rocky cores are linked by sandy spits whose surface is always affected by the winds which created the dunes, some of which, called &#8220;buttereaux&#8221; reach up to 15 meters in height. <a name=\"Iles\"><\/a><br \/>\n&nbsp;<br \/>\n<img decoding=\"async\" loading=\"lazy\" class=\"aligncenter\" src=\"https:\/\/www.travelwithachallenge.com\/wp-content\/uploads\/2017\/03\/Les-Iles-de-la-Madeleine-Map.jpg\" alt=\"Map of Les Iles de la Madeleine (Magdalen Islands).\" width=\"600\" height=\"267\" \/><\/p>\n<h5 style=\"text-align: center;\"><em>Lying in a south-west\/north-easterly direction, <strong>\u00celes de la Madeleine<\/strong> consists of a dozen islands that form a 65-kilometer-long fishhook-shaped archipelago of 202 square kilometers. The six main inhabited islands are interconnected by long, thin sand dunes joined by paved roads and bridges. Islanders live in the Atlantic Time Zone, one hour ahead of mainland Qu\u00e9bec. <\/em>Courtesy of Tourisme Iles de la Madeleine<\/h5>\n<p>&nbsp;<\/p>\n<p class=\"boxarial18cranberryborder\" align=\"center\"><a href=\"https:\/\/www.travelwithachallenge.com\/?page_id=3841\">Return to our richly-illustrated feature article<\/a> about cruising from Montr\u00e9al to Les \u00celes de la Madeleine.<\/p>\n","protected":false},"excerpt":{"rendered":"<p>Between mid-June and mid-September each year, CTMA offers weekly cruises between Montr\u00e9al, Qu\u00e9bec City, the Gasp\u00e9 Peninsula and Les \u00celes de la Madeleine. The archipelago of \u00celes de la Madeleine is far out into the Gulf of St Lawrence: 215 km from Qu\u00e9bec&#8217;s Gasp\u00e9, 105 km from Prince Edward Island and 95 km from northern [&hellip;]<\/p>\n","protected":false},"author":1,"featured_media":0,"parent":0,"menu_order":0,"comment_status":"closed","ping_status":"closed","template":"","meta":{"_genesis_hide_title":false,"_genesis_hide_breadcrumbs":false,"_genesis_hide_singular_image":false,"_genesis_hide_footer_widgets":false,"_genesis_custom_body_class":"","_genesis_custom_post_class":"","_genesis_layout":""},"_links":{"self":[{"href":"https:\/\/www.travelwithachallenge.com\/index.php?rest_route=\/wp\/v2\/pages\/3840"}],"collection":[{"href":"https:\/\/www.travelwithachallenge.com\/index.php?rest_route=\/wp\/v2\/pages"}],"about":[{"href":"https:\/\/www.travelwithachallenge.com\/index.php?rest_route=\/wp\/v2\/types\/page"}],"author":[{"embeddable":true,"href":"https:\/\/www.travelwithachallenge.com\/index.php?rest_route=\/wp\/v2\/users\/1"}],"replies":[{"embeddable":true,"href":"https:\/\/www.travelwithachallenge.com\/index.php?rest_route=%2Fwp%2Fv2%2Fcomments&post=3840"}],"version-history":[{"count":10,"href":"https:\/\/www.travelwithachallenge.com\/index.php?rest_route=\/wp\/v2\/pages\/3840\/revisions"}],"predecessor-version":[{"id":9819,"href":"https:\/\/www.travelwithachallenge.com\/index.php?rest_route=\/wp\/v2\/pages\/3840\/revisions\/9819"}],"wp:attachment":[{"href":"https:\/\/www.travelwithachallenge.com\/index.php?rest_route=%2Fwp%2Fv2%2Fmedia&parent=3840"}],"curies":[{"name":"wp","href":"https:\/\/api.w.org\/{rel}","templated":true}]}}